{"id":7,"date":"2024-05-24T15:44:37","date_gmt":"2024-05-24T13:44:37","guid":{"rendered":"https:\/\/carolbieber.com\/?page_id=7"},"modified":"2025-03-02T18:07:48","modified_gmt":"2025-03-02T17:07:48","slug":"about","status":"publish","type":"page","link":"https:\/\/carolbieber.com\/","title":{"rendered":"Bienvenue, votre cerveau est magique !"},"content":{"rendered":"\n<p>Je suis tr\u00e8s heureuse de vous accueillir pour des s\u00e9ances de neurofeedback et de coaching \u00e0 Sceaux.<\/p>\n\n\n\n<p>Cet espace est un espace de d\u00e9tente, une petite bulle rien que pour vous. <\/p>\n\n\n\n<p>En tant que praticienne exp\u00e9riment\u00e9e en Neurofeedback Dynamique Neuroptimal\u00ae, je suis passionn\u00e9e par cette m\u00e9thode innovante qui permet d&#8217;optimiser les fonctions c\u00e9r\u00e9brales et d&#8217;am\u00e9liorer la qualit\u00e9 de vie. Mon objectif est de vous accompagner dans votre parcours vers une meilleure gestion du stress, une concentration accrue, et une performance cognitive optimis\u00e9e. <\/p>\n\n\n\n<div class=\"wp-block-cover\" style=\"min-height:890px;aspect-ratio:unset;\"><span aria-hidden=\"true\" class=\"wp-block-cover__background has-background-dim\"><\/span><img loading=\"lazy\" decoding=\"async\" width=\"1024\" height=\"957\" class=\"wp-block-cover__image-background wp-image-57\" alt=\"\" src=\"https:\/\/carolbieber.com\/wp-content\/uploads\/2024\/06\/carol-Bieber-2-2022-1024x957.jpg\" data-object-fit=\"cover\" srcset=\"https:\/\/carolbieber.com\/wp-content\/uploads\/2024\/06\/carol-Bieber-2-2022-1024x957.jpg 1024w, https:\/\/carolbieber.com\/wp-content\/uploads\/2024\/06\/carol-Bieber-2-2022-300x280.jpg 300w, https:\/\/carolbieber.com\/wp-content\/uploads\/2024\/06\/carol-Bieber-2-2022-768x718.jpg 768w, https:\/\/carolbieber.com\/wp-content\/uploads\/2024\/06\/carol-Bieber-2-2022.jpg 1156w\" sizes=\"auto, (max-width: 1024px) 100vw, 1024px\" \/><div class=\"wp-block-cover__inner-container is-layout-flow wp-block-cover-is-layout-flow\">\n<p>Carol&nbsp;Bieber<\/p>\n\n\n\n<p><em>Trainer<\/em><em>&nbsp;Certifi\u00e9e&nbsp;NeurOptimal\u00ae<\/em><\/p>\n\n\n\n<p><em>coach&nbsp;professionnelle&nbsp;<\/em><\/p>\n\n\n\n<p><em>et&nbsp;\u00e9tudiante&nbsp;chercheuse&nbsp;en&nbsp;psychologie<\/em><\/p>\n<\/div><\/div>\n\n\n\n<h2 class=\"wp-block-heading\">Comment le Neurofeedback Dynamique Neuroptimal\u00ae fonctionne?<\/h2>\n\n\n\n<div class=\"wp-block-cover has-custom-content-position is-position-bottom-left\" style=\"min-height:573px;aspect-ratio:unset;\"><span aria-hidden=\"true\" class=\"wp-block-cover__background has-background-dim\"><\/span><img loading=\"lazy\" decoding=\"async\" width=\"1125\" height=\"923\" class=\"wp-block-cover__image-background wp-image-61\" alt=\"\" src=\"https:\/\/carolbieber.com\/wp-content\/uploads\/2024\/06\/img-6.jpg\" style=\"object-position:18% 5%\" data-object-fit=\"cover\" data-object-position=\"18% 5%\" srcset=\"https:\/\/carolbieber.com\/wp-content\/uploads\/2024\/06\/img-6.jpg 1125w, https:\/\/carolbieber.com\/wp-content\/uploads\/2024\/06\/img-6-300x246.jpg 300w, https:\/\/carolbieber.com\/wp-content\/uploads\/2024\/06\/img-6-1024x840.jpg 1024w, https:\/\/carolbieber.com\/wp-content\/uploads\/2024\/06\/img-6-768x630.jpg 768w\" sizes=\"auto, (max-width: 1125px) 100vw, 1125px\" \/><div class=\"wp-block-cover__inner-container is-layout-flow wp-block-cover-is-layout-flow\">\n<p class=\"has-text-align-center has-medium-font-size\"><strong>Le cerveau a la capacit\u00e9 de&nbsp;s\u2019auto-&nbsp;r\u00e9guler&nbsp;&nbsp;(dynamique&nbsp;&nbsp;c\u00e9r\u00e9brale),&nbsp;&nbsp;c\u2019est ce&nbsp;qui&nbsp;lui&nbsp;permet&nbsp;de&nbsp;se&nbsp;r\u00e9\u00e9quilibrer. <\/strong><\/p>\n\n\n\n<p class=\"has-text-align-center has-medium-font-size\"><strong>Le&nbsp;Neurofeedback muscle&nbsp;cette&nbsp;capacit\u00e9<\/strong><\/p>\n<\/div><\/div>\n\n\n\n<p>L\u2019entra\u00eenement c\u00e9r\u00e9bral NeurOptimal\u00ae fonctionne comme un syst\u00e8me de \u00ab d\u00e9tection et de surveillance \u00bb de l\u2019activit\u00e9 \u00e9lectrique c\u00e9r\u00e9brale. Quand le logiciel rep\u00e8re un changement brutal, il envoie un feedback (ou \u00ab retour d\u2019information \u00bb). Ce retour mat\u00e9rialis\u00e9 par une microcoupure de son est traduit par le cerveau comme une information pertinente qui l\u2019incite \u00e0 se r\u00e9orienter. Ces microcoupures permettent \u00e0 l\u2019activit\u00e9 corticale d\u2019\u00eatre optimis\u00e9e. La capacit\u00e9 intrins\u00e8que du cerveau \u00e0 s\u2019auto-r\u00e9guler, est appel\u00e9e dynamique c\u00e9r\u00e9brale, c\u2019est elle qui lui permet de s\u2019auto-r\u00e9parer. NeurOptimal\u00ae fonctionne comme un miroir. Imaginez que vous ne vous soyez pas vu dans un miroir depuis longtemps. Une fois devant votre reflet, vous commencez naturellement \u00e0 vous redresser, \u00e0 vous recoiffer. C\u2019est exactement la m\u00eame chose pour votre syst\u00e8me nerveux central. NeurOptimal\u00ae renvoie un feedback sous forme d\u2019information qui permet au cerveau de mieux s\u2019auto-r\u00e9guler.<\/p>\n\n\n\n<p class=\"has-medium-font-size\"><strong>Comment&nbsp;se&nbsp;d\u00e9roule une&nbsp;s\u00e9ance?<\/strong><\/p>\n\n\n\n<p>Confortablement&nbsp;install\u00e9&nbsp;dans&nbsp;un fauteuil,&nbsp;vous&nbsp;regardez&nbsp;un&nbsp;film&nbsp;ou&nbsp;\u00e9coutez&nbsp;de&nbsp;la&nbsp;musique pendant&nbsp;trente-trois&nbsp;minutes.<\/p>\n\n\n\n<p>Deux&nbsp;capteurs&nbsp;pos\u00e9s&nbsp;sur&nbsp;le&nbsp;cr\u00e2ne&nbsp;et&nbsp;trois&nbsp;sur&nbsp;les&nbsp;oreilles permettent&nbsp;au&nbsp;syst\u00e8me&nbsp;de&nbsp;mesurer&nbsp;&nbsp;et&nbsp;&nbsp;d\u2019analyser&nbsp;&nbsp;l\u2019activit\u00e9&nbsp;\u00e9lectrique c\u00e9r\u00e9brale.&nbsp;Chaque&nbsp;fois&nbsp;qu\u2019une&nbsp;fluctuation&nbsp;est&nbsp;d\u00e9tect\u00e9e,&nbsp;une&nbsp;micro coupure dans&nbsp;la&nbsp;bande&nbsp;son&nbsp;intervient.<\/p>\n\n\n\n<p>Le&nbsp;syst\u00e8me&nbsp;nerveux&nbsp;central&nbsp;\u00e9tant&nbsp;inform\u00e9&nbsp;de&nbsp;toute variabilit\u00e9,&nbsp;interpr\u00e8te&nbsp;cette&nbsp;micro&nbsp;coupure&nbsp;comme&nbsp;un message&nbsp;pertinent&nbsp;lui&nbsp;permettant&nbsp;de&nbsp;se&nbsp;r\u00e9\u00e9quilibrer&nbsp;afin de&nbsp;revenir&nbsp;\u00e0&nbsp;son&nbsp;fonctionnement&nbsp;optimal.<\/p>\n\n\n\n<figure class=\"wp-block-gallery aligncenter has-nested-images columns-default is-cropped wp-block-gallery-1 is-layout-flex wp-block-gallery-is-layout-flex\">\n<figure class=\"wp-block-image size-full is-style-default\"><img loading=\"lazy\" decoding=\"async\" width=\"494\" height=\"310\" data-id=\"60\" src=\"https:\/\/carolbieber.com\/wp-content\/uploads\/2024\/06\/image.png\" alt=\"\" class=\"wp-image-60\" srcset=\"https:\/\/carolbieber.com\/wp-content\/uploads\/2024\/06\/image.png 494w, https:\/\/carolbieber.com\/wp-content\/uploads\/2024\/06\/image-300x188.png 300w\" sizes=\"auto, (max-width: 494px) 100vw, 494px\" \/><\/figure>\n<\/figure>\n\n\n\n<h2 class=\"wp-block-heading\">Et concr\u00e8tement : <\/h2>\n\n\n\n<div class=\"wp-block-columns is-layout-flex wp-container-core-columns-is-layout-9d6595d7 wp-block-columns-is-layout-flex\">\n<div class=\"wp-block-column is-layout-flow wp-block-column-is-layout-flow\" style=\"flex-basis:66.66%\">\n<p>NeurOptimal\u00ae est une&nbsp;exp\u00e9rience&nbsp;agr\u00e9able. Le cerveau fait le travail&nbsp;tout&nbsp;seul.&nbsp;&nbsp;Aucun&nbsp;&nbsp;effort&nbsp;&nbsp;conscient&nbsp;&nbsp;n\u2019est&nbsp;requis.&nbsp;<\/p>\n\n\n\n<p>Lorsque&nbsp;l\u2019on&nbsp;constate&nbsp;la&nbsp;micro-&nbsp;coupure, le cerveau a d\u00e9j\u00e0 r\u00e9agi et&nbsp;est pass\u00e9 \u00e0 autre&nbsp;chose. D\u00e8s la premi\u00e8re s\u00e9ance, votre cerveau renforce son auto-r\u00e9gulation.<\/p>\n\n\n\n<p>Nous&nbsp;recommandons&nbsp;entre&nbsp;5&nbsp;et&nbsp;10&nbsp;s\u00e9ances&nbsp;en&nbsp;fonction&nbsp;des&nbsp;besoins&nbsp;et&nbsp;du&nbsp;r\u00e9sultat&nbsp;obtenu.<\/p>\n<\/div>\n\n\n\n<div class=\"wp-block-column is-layout-flow wp-block-column-is-layout-flow\" style=\"flex-basis:33.33%\"><div class=\"wp-block-image\">\n<figure class=\"aligncenter size-full\"><img loading=\"lazy\" decoding=\"async\" width=\"252\" height=\"252\" src=\"https:\/\/carolbieber.com\/wp-content\/uploads\/2024\/06\/image-1.png\" alt=\"\" class=\"wp-image-62\" srcset=\"https:\/\/carolbieber.com\/wp-content\/uploads\/2024\/06\/image-1.png 252w, https:\/\/carolbieber.com\/wp-content\/uploads\/2024\/06\/image-1-150x150.png 150w, https:\/\/carolbieber.com\/wp-content\/uploads\/2024\/06\/image-1-100x100.png 100w\" sizes=\"auto, (max-width: 252px) 100vw, 252px\" \/><\/figure>\n<\/div><\/div>\n<\/div>\n\n\n\n<div class=\"wp-block-columns is-layout-flex wp-container-core-columns-is-layout-9d6595d7 wp-block-columns-is-layout-flex\">\n<div class=\"wp-block-column is-layout-flow wp-block-column-is-layout-flow\" style=\"flex-basis:66.66%\"><div class=\"wp-block-image\">\n<figure class=\"aligncenter size-large is-resized\"><img loading=\"lazy\" decoding=\"async\" width=\"875\" height=\"1024\" src=\"https:\/\/carolbieber.com\/wp-content\/uploads\/2024\/06\/img-14-875x1024.jpg\" alt=\"\" class=\"wp-image-63\" style=\"width:486px;height:auto\" srcset=\"https:\/\/carolbieber.com\/wp-content\/uploads\/2024\/06\/img-14-875x1024.jpg 875w, https:\/\/carolbieber.com\/wp-content\/uploads\/2024\/06\/img-14-256x300.jpg 256w, https:\/\/carolbieber.com\/wp-content\/uploads\/2024\/06\/img-14-768x899.jpg 768w, https:\/\/carolbieber.com\/wp-content\/uploads\/2024\/06\/img-14-1313x1536.jpg 1313w, https:\/\/carolbieber.com\/wp-content\/uploads\/2024\/06\/img-14.jpg 1517w\" sizes=\"auto, (max-width: 875px) 100vw, 875px\" \/><\/figure>\n<\/div><\/div>\n\n\n\n<div class=\"wp-block-column is-layout-flow wp-block-column-is-layout-flow\" style=\"flex-basis:33.33%\">\n<h2 class=\"wp-block-heading\">Pour quoi ?<\/h2>\n\n\n\n<p>Pour am\u00e9liorer sa sant\u00e9 et son bien&nbsp;\u00eatre&nbsp;quotidien. Le neurofeedback&nbsp;dynamique&nbsp;contribue&nbsp;&nbsp;\u00e0&nbsp;&nbsp;une&nbsp;&nbsp;perspective&nbsp;&nbsp;mentale&nbsp;positive&nbsp;&nbsp;&nbsp;et&nbsp;&nbsp;&nbsp;une&nbsp;&nbsp;&nbsp;meilleure&nbsp;&nbsp;&nbsp;connexion&nbsp;corps\/esprit.<\/p>\n\n\n\n<figure class=\"wp-block-image size-full\"><img loading=\"lazy\" decoding=\"async\" width=\"742\" height=\"1016\" src=\"https:\/\/carolbieber.com\/wp-content\/uploads\/2024\/06\/Capture-decran-2024-06-15-a-11.10.23.png\" alt=\"\" class=\"wp-image-65\" srcset=\"https:\/\/carolbieber.com\/wp-content\/uploads\/2024\/06\/Capture-decran-2024-06-15-a-11.10.23.png 742w, https:\/\/carolbieber.com\/wp-content\/uploads\/2024\/06\/Capture-decran-2024-06-15-a-11.10.23-219x300.png 219w\" sizes=\"auto, (max-width: 742px) 100vw, 742px\" \/><\/figure>\n<\/div>\n<\/div>\n\n\n\n<div class=\"wp-block-columns is-layout-flex wp-container-core-columns-is-layout-9d6595d7 wp-block-columns-is-layout-flex\">\n<div class=\"wp-block-column is-layout-flow wp-block-column-is-layout-flow\">\n<h2 class=\"wp-block-heading\">Pour qui ? <\/h2>\n\n\n\n<p>Pour&nbsp;tout&nbsp;le&nbsp;monde&nbsp;sans&nbsp;limite&nbsp;d&#8217;\u00e2ge&nbsp;!&nbsp;Adulte, b\u00e9b\u00e9, femme enceinte,&nbsp;personne&nbsp;\u00e2g\u00e9e, adolescent, athl\u00e8te,&nbsp;dirigeant, \u00e9tudiant, artiste&nbsp;&#8230;<\/p>\n<\/div>\n\n\n\n<div class=\"wp-block-column is-vertically-aligned-center is-layout-flow wp-block-column-is-layout-flow\">\n<figure class=\"wp-block-image size-full is-resized\"><img loading=\"lazy\" decoding=\"async\" width=\"180\" height=\"200\" src=\"https:\/\/carolbieber.com\/wp-content\/uploads\/2024\/06\/Sans-titre-4-1.png\" alt=\"\" class=\"wp-image-70\" style=\"width:219px;height:auto\"\/><\/figure>\n<\/div>\n\n\n\n<div class=\"wp-block-column is-layout-flow wp-block-column-is-layout-flow\">\n<figure class=\"wp-block-image size-full\"><img loading=\"lazy\" decoding=\"async\" width=\"720\" height=\"608\" src=\"https:\/\/carolbieber.com\/wp-content\/uploads\/2024\/06\/Sans-titre-ado.png\" alt=\"\" class=\"wp-image-69\" srcset=\"https:\/\/carolbieber.com\/wp-content\/uploads\/2024\/06\/Sans-titre-ado.png 720w, https:\/\/carolbieber.com\/wp-content\/uploads\/2024\/06\/Sans-titre-ado-300x253.png 300w\" sizes=\"auto, (max-width: 720px) 100vw, 720px\" \/><\/figure>\n<\/div>\n<\/div>\n\n\n\n<div class=\"wp-block-columns is-layout-flex wp-container-core-columns-is-layout-9d6595d7 wp-block-columns-is-layout-flex\">\n<div class=\"wp-block-column is-layout-flow wp-block-column-is-layout-flow\" style=\"flex-basis:33.33%\">\n<figure class=\"wp-block-image size-full is-resized\"><img loading=\"lazy\" decoding=\"async\" width=\"234\" height=\"176\" src=\"http:\/\/carolbieber.com\/wp-content\/uploads\/2024\/06\/image-2.png\" alt=\"\" class=\"wp-image-64\" style=\"width:354px;height:auto\"\/><\/figure>\n\n\n\n<p><em>Votre cerveau est magique<\/em><\/p>\n\n\n\n<p class=\"has-medium-font-size\"><em>Faites l\u2019exp\u00e9rience d\u2019une transformation personnelle<\/em><\/p>\n<\/div>\n\n\n\n<div class=\"wp-block-column is-layout-flow wp-block-column-is-layout-flow\" style=\"flex-basis:66.66%\">\n<div class=\"wp-block-columns is-layout-flex wp-container-core-columns-is-layout-9d6595d7 wp-block-columns-is-layout-flex\">\n<div class=\"wp-block-column is-layout-flow wp-block-column-is-layout-flow\">\n<h2 class=\"wp-block-heading\">Votre cerveau fonctionne t-il efficacement ? <\/h2>\n<\/div>\n\n\n\n<div class=\"wp-block-column is-layout-flow wp-block-column-is-layout-flow\">\n<p>Le&nbsp;&nbsp;fonctionnement&nbsp;&nbsp;de&nbsp;&nbsp;votre&nbsp;&nbsp;cerveau peut&nbsp;\u00eatre&nbsp;&nbsp;affect\u00e9&nbsp;&nbsp;par&nbsp;&nbsp;de&nbsp;&nbsp;nombreux&nbsp;facteurs ou d\u00e9fis de la vie quotidienne : &nbsp;<\/p>\n\n\n\n<p>Par exemple &#8230;..<\/p>\n\n\n\n<figure class=\"wp-block-image size-full\"><img loading=\"lazy\" decoding=\"async\" width=\"640\" height=\"374\" src=\"https:\/\/carolbieber.com\/wp-content\/uploads\/2024\/06\/Capture-decran-2024-06-15-a-11.21.21.png\" alt=\"\" class=\"wp-image-91\" srcset=\"https:\/\/carolbieber.com\/wp-content\/uploads\/2024\/06\/Capture-decran-2024-06-15-a-11.21.21.png 640w, https:\/\/carolbieber.com\/wp-content\/uploads\/2024\/06\/Capture-decran-2024-06-15-a-11.21.21-300x175.png 300w\" sizes=\"auto, (max-width: 640px) 100vw, 640px\" \/><\/figure>\n<\/div>\n<\/div>\n<\/div>\n<\/div>\n\n\n\n<blockquote class=\"wp-block-quote is-layout-flow wp-block-quote-is-layout-flow\">\n<p><\/p>\n<\/blockquote>\n\n\n\n<blockquote class=\"wp-block-quote is-layout-flow wp-block-quote-is-layout-flow\">\n<p class=\"has-text-align-right\"><\/p>\n<\/blockquote>\n\n\n\n<div class=\"wp-block-buttons is-layout-flex wp-block-buttons-is-layout-flex\">\n<div class=\"wp-block-button\"><a class=\"wp-block-button__link wp-element-button\" href=\"https:\/\/calendar.app.google\/zeoMiYto6u9WstEP7\">Prendre RV<\/a><\/div>\n<\/div>\n\n\n\n<p>Directement en ligne S\u00e9lectionner :  <\/p>\n\n\n\n<p>1 heure pour un RV Neurofeedback &#8211; Tarif : 60 euros la s\u00e9ance<\/p>\n\n\n\n<p>2 heures  pour un RV Neurofeedback et Coaching &#8211; Tarif : 150 euros<\/p>\n\n\n\n<p>par mail carolBieber@neurofeedback.coach<\/p>\n\n\n\n<p>par tel : 0608303803<\/p>\n","protected":false},"excerpt":{"rendered":"<p>Je suis tr\u00e8s heureuse de vous accueillir pour des s\u00e9ances de neurofeedback et de coaching \u00e0 Sceaux. Cet espace est un espace de d\u00e9tente, une petite bulle rien que pour vous. En tant que praticienne exp\u00e9riment\u00e9e en Neurofeedback Dynamique Neuroptimal\u00ae, je suis passionn\u00e9e par cette m\u00e9thode innovante qui permet d&#8217;optimiser les fonctions c\u00e9r\u00e9brales et d&#8217;am\u00e9liorer [&hellip;]<\/p>\n","protected":false},"author":1,"featured_media":0,"parent":0,"menu_order":0,"comment_status":"closed","ping_status":"closed","template":"","meta":{"footnotes":""},"class_list":["post-7","page","type-page","status-publish","hentry"],"_links":{"self":[{"href":"https:\/\/carolbieber.com\/index.php\/wp-json\/wp\/v2\/pages\/7","targetHints":{"allow":["GET"]}}],"collection":[{"href":"https:\/\/carolbieber.com\/index.php\/wp-json\/wp\/v2\/pages"}],"about":[{"href":"https:\/\/carolbieber.com\/index.php\/wp-json\/wp\/v2\/types\/page"}],"author":[{"embeddable":true,"href":"https:\/\/carolbieber.com\/index.php\/wp-json\/wp\/v2\/users\/1"}],"replies":[{"embeddable":true,"href":"https:\/\/carolbieber.com\/index.php\/wp-json\/wp\/v2\/comments?post=7"}],"version-history":[{"count":7,"href":"https:\/\/carolbieber.com\/index.php\/wp-json\/wp\/v2\/pages\/7\/revisions"}],"predecessor-version":[{"id":56,"href":"https:\/\/carolbieber.com\/index.php\/wp-json\/wp\/v2\/pages\/7\/revisions\/56"}],"wp:attachment":[{"href":"https:\/\/carolbieber.com\/index.php\/wp-json\/wp\/v2\/media?parent=7"}],"curies":[{"name":"wp","href":"https:\/\/api.w.org\/{rel}","templated":true}]}}